{"id":53,"date":"2020-07-01T13:25:05","date_gmt":"2020-07-01T13:25:05","guid":{"rendered":"https:\/\/lindaharnevo.com\/about\/"},"modified":"2020-08-11T13:48:29","modified_gmt":"2020-08-11T13:48:29","slug":"about","status":"publish","type":"page","link":"https:\/\/lindaharnevo.com\/es\/about\/","title":{"rendered":"Sobre la Dra. Linda Harnevo"},"content":{"rendered":"\n<p>Soy Linda Harnevo, una emprendedora en serie israel\u00ed.<\/p>\n\n\n\n<p>Entr\u00e9 en este fascinante mundo de innovaci\u00f3n durante mi doctorado. en Matem\u00e1tica Aplicada en el Instituto Weizmann, un para\u00edso para la investigaci\u00f3n internacional en Ciencias. Tuve dos mentores:   la Dra. Zvia Agur que me abri\u00f3 la puerta a las matem\u00e1ticas aplicadas en biolog\u00eda y medicina y us\u00e1ndolo para el beneficio del mundo externo a la matem\u00e1tica; y el fallecido Prof. Lee Segal, que fue un gran matem\u00e1tico que me ense\u00f1\u00f3 a pensar las matem\u00e1ticas dentro de otras \u00e1reas diferentes, sin dejar de ser fiel al fascinante universo de las matem\u00e1ticas.  <\/p>\n\n\n\n<p>Durante muchos a\u00f1os estoy trabajando en Hi-Tech en Israel, Estados Unidos y pa\u00edses europeos, y he tenido la oportunidad de servir como directora de la board en compa\u00f1\u00edas p\u00fablicas israel\u00edes en NASDAQ (Lipman Engineering y Gilat Satelites y mas), que definitivamente son ejemplos de gran innovaci\u00f3n y \u00e9xito).<\/p>\n\n\n\n<p>Soy la Chairwoman de RedZebra Ltd., una incubadora boutique en Israel que he co-fundado con mi querido socio Moshe Farin. Juntos hemos tenido la suerte de innovar, as\u00ed como ayudar \/ impulsar a otros a innovar y hacer crecer nuevas empresas &#8211;  innovaciones en este fascinante mundo de la web  y los dispositivos m\u00f3viles. <\/p>\n\n\n\n<p>En estos d\u00edas tambi\u00e9n estoy administrando LifeOnKey INC, una de las compa\u00f1\u00edas filiales de RedZebra. LifeOnKey es una visi\u00f3n que definitivamente se adelant\u00f3 a su tiempo, involucrando al paciente en su propio mundo m\u00e9dico, utilizando la tecnolog\u00eda. En los \u00faltimos a\u00f1os hemos tenido la suerte de que finalmente esta idea haya ganado no solo \u00edmpetu y pleno reconocimiento, sino que tambi\u00e9n haya sido fuertemente impulsada en todo el mundo.<\/p>\n\n\n\n<p><strong>Mi mayor logro y orgullo son mis dos hijos Ran Harnevo y Oren Harnevo, empresarios muy exitosos por sus propios m\u00e9ritos y excelentes personas!<\/strong><\/p>\n\n\n\n<p>Si desea ponerse en contacto conmigo, no dude en ingresar sus datos a continuaci\u00f3n, \u00a1y lo atender\u00e9 lo antes posible!<\/p>\n\n\n\n<p>Photo by <a href=\"https:\/\/unsplash.com\/@rohanmakhecha?utm_source=unsplash&amp;utm_medium=referral&amp;utm_content=creditCopyText\">Rohan Makhecha<\/a> on <a href=\"https:\/\/unsplash.com\/?utm_source=unsplash&amp;utm_medium=referral&amp;utm_content=creditCopyText\">Unsplash<\/a><\/p>\n\n\n\n<pre class=\"wp-block-preformatted\">\n<div class=\"wpcf7 no-js\" id=\"wpcf7-f69-o1\" lang=\"en-US\" dir=\"ltr\" data-wpcf7-id=\"69\">\n<div class=\"screen-reader-response\"><p role=\"status\" aria-live=\"polite\" aria-atomic=\"true\"><\/p> <ul><\/ul><\/div>\n<form action=\"\/es\/wp-json\/wp\/v2\/pages\/53#wpcf7-f69-o1\" method=\"post\" class=\"wpcf7-form init\" aria-label=\"Contact form\" novalidate=\"novalidate\" data-status=\"init\">\n<div style=\"display: none;\">\n<input type=\"hidden\" name=\"_wpcf7\" value=\"69\" \/>\n<input type=\"hidden\" name=\"_wpcf7_version\" value=\"6.0.6\" \/>\n<input type=\"hidden\" name=\"_wpcf7_locale\" value=\"en_US\" \/>\n<input type=\"hidden\" name=\"_wpcf7_unit_tag\" value=\"wpcf7-f69-o1\" \/>\n<input type=\"hidden\" name=\"_wpcf7_container_post\" value=\"0\" \/>\n<input type=\"hidden\" name=\"_wpcf7_posted_data_hash\" value=\"\" \/>\n<input type=\"hidden\" name=\"_wpcf7_recaptcha_response\" value=\"\" \/>\n<\/div>\n<p>Su e-mail (requerido)\n<\/p>\n<p><span class=\"wpcf7-form-control-wrap\" data-name=\"your-email\"><input size=\"40\" maxlength=\"400\" class=\"wpcf7-form-control wpcf7-email wpcf7-validates-as-required wpcf7-text wpcf7-validates-as-email\" aria-required=\"true\" aria-invalid=\"false\" value=\"\" type=\"email\" name=\"your-email\" \/><\/span>\n<\/p>\n<p>Su mensaje\n<\/p>\n<p><span class=\"wpcf7-form-control-wrap\" data-name=\"your-message\"><textarea cols=\"40\" rows=\"10\" maxlength=\"2000\" class=\"wpcf7-form-control wpcf7-textarea\" aria-invalid=\"false\" name=\"your-message\"><\/textarea><\/span>\n<\/p>\n<p><input class=\"wpcf7-form-control wpcf7-submit has-spinner\" type=\"submit\" value=\"Enviar\" \/>\n<\/p><p style=\"display: none !important;\"><label>&#916;<textarea name=\"_wpcf7_ak_hp_textarea\" cols=\"45\" rows=\"8\" maxlength=\"100\"><\/textarea><\/label><input type=\"hidden\" id=\"ak_js_1\" name=\"_wpcf7_ak_js\" value=\"246\"\/><script>document.getElementById( \"ak_js_1\" ).setAttribute( \"value\", ( new Date() ).getTime() );<\/script><\/p><div class=\"wpcf7-response-output\" aria-hidden=\"true\"><\/div>\n<\/form>\n<\/div>\n<\/pre>\n","protected":false},"excerpt":{"rendered":"<p>Soy Linda Harnevo, una emprendedora en serie israel\u00ed. Entr\u00e9 en este fascinante mundo de innovaci\u00f3n durante mi doctorado. en Matem\u00e1tica Aplicada en el Instituto Weizmann, un para\u00edso para la investigaci\u00f3n internacional en Ciencias. Tuve dos mentores: la Dra. Zvia Agur [&hellip;]<\/p>\n","protected":false},"author":1,"featured_media":1628,"parent":0,"menu_order":0,"comment_status":"closed","ping_status":"closed","template":"page_r.php","meta":{"_acf_changed":false,"footnotes":""},"class_list":["post-53","page","type-page","status-publish","has-post-thumbnail","hentry"],"acf":[],"_links":{"self":[{"href":"https:\/\/lindaharnevo.com\/es\/wp-json\/wp\/v2\/pages\/53","targetHints":{"allow":["GET"]}}],"collection":[{"href":"https:\/\/lindaharnevo.com\/es\/wp-json\/wp\/v2\/pages"}],"about":[{"href":"https:\/\/lindaharnevo.com\/es\/wp-json\/wp\/v2\/types\/page"}],"author":[{"embeddable":true,"href":"https:\/\/lindaharnevo.com\/es\/wp-json\/wp\/v2\/users\/1"}],"replies":[{"embeddable":true,"href":"https:\/\/lindaharnevo.com\/es\/wp-json\/wp\/v2\/comments?post=53"}],"version-history":[{"count":6,"href":"https:\/\/lindaharnevo.com\/es\/wp-json\/wp\/v2\/pages\/53\/revisions"}],"predecessor-version":[{"id":1633,"href":"https:\/\/lindaharnevo.com\/es\/wp-json\/wp\/v2\/pages\/53\/revisions\/1633"}],"wp:featuredmedia":[{"embeddable":true,"href":"https:\/\/lindaharnevo.com\/es\/wp-json\/wp\/v2\/media\/1628"}],"wp:attachment":[{"href":"https:\/\/lindaharnevo.com\/es\/wp-json\/wp\/v2\/media?parent=53"}],"curies":[{"name":"wp","href":"https:\/\/api.w.org\/{rel}","templated":true}]}}